{"id":13,"date":"2020-08-13T21:16:56","date_gmt":"2020-08-13T21:16:56","guid":{"rendered":"https:\/\/pzsipo-brzeziny.pl\/?page_id=13"},"modified":"2021-03-01T05:37:06","modified_gmt":"2021-03-01T05:37:06","slug":"o-nas","status":"publish","type":"page","link":"https:\/\/pzsipo-brzeziny.pl\/index.php\/o-nas\/","title":{"rendered":"O NAS"},"content":{"rendered":"\n<p>1 wrze\u015bnia 2020 r. Zesp\u00f3\u0142 Szk\u00f3\u0142 Specjalnych w Brzezinach zmieni\u0142 nazw\u0119 na<strong> Powiatowy Zesp\u00f3\u0142 Szk\u00f3\u0142 i Plac\u00f3wek O\u015bwiatowych w Brzezinach.<\/strong><\/p>\n\n\n\n<p><strong>W nowej strukturze PZSiPO znajduj\u0105 si\u0119:<\/strong><\/p>\n\n\n\n<p><strong>&#8211; o\u015bmioletnia szko\u0142a podstawowa specjalna z oddzia\u0142ami przedszkolnymi,<\/strong><\/p>\n\n\n\n<p><strong>&#8211; trzyletnia szko\u0142a specjalna przysposabiaj\u0105ca do pracy.<\/strong><\/p>\n\n\n\n<p><strong>W ofercie znajduj\u0105 si\u0119 r\u00f3wnie\u017c:<\/strong><\/p>\n\n\n\n<p><strong>&#8211; zespo\u0142y rewalidacyjno\u2013 wychowawcze,<\/strong><\/p>\n\n\n\n<p><strong>&#8211; wczesne wspomaganie rozwoju dziecka.<\/strong><\/p>\n\n\n\n<p><strong>Nowo\u015bci\u0105 edukacyjn\u0105 Powiatowego Zespo\u0142u Szk\u00f3\u0142 i Plac\u00f3wek O\u015bwiatowych&nbsp;w Brzezinach s\u0105 r\u00f3wnie\u017c&nbsp;oddzia\u0142y przedszkolne.<\/strong><\/p>\n\n\n\n<p>Ta propozycja skierowana jest do dzieci w wieku&nbsp;<strong>od 3 r. \u017cycia&nbsp;z r\u00f3\u017cnymi rodzajami niepe\u0142nosprawno\u015bci,&nbsp;r\u00f3wnie\u017c z niepe\u0142nosprawno\u015bciami sprz\u0119\u017conymi,&nbsp;a tak\u017ce z autyzmem.<br><\/strong>Oddzia\u0142y przedszkolne realizuj\u0105 podstaw\u0119&nbsp; programow\u0105 wychowania przedszkolnego.&nbsp;<br><strong>Edukacja odbywa si\u0119 w grupach do 5 dzieci.&nbsp;<br><\/strong>Zaj\u0119cia prowadzone s\u0105 metodami tradycyjnymi i innowacyjnymi.&nbsp;<br>W\u015br\u00f3d nich szczeg\u00f3lnie polecana jest&nbsp;<strong>metoda czytania uczestnicz\u0105cego, \u015bcie\u017cki sensoryczne, pedagogika zabawy.&nbsp;<br><\/strong>Dysponujemy&nbsp;<strong>placem zabaw, sal\u0105 do\u015bwiadczania \u015bwiata, pracowni\u0105 integracji sensorycznej, terapii pedagogicznej i logopedii.<\/strong><\/p>\n\n\n\n<p><strong>Ponadto Szko\u0142a Podstawowa Specjalna w Brzezinach pe\u0142ni rol\u0119<\/strong><\/p>\n\n\n\n<p><strong>Wiod\u0105cego O\u015brodka Koordynacyjno\u2013 Rehabilitacyjno\u2013 Opieku\u0144czego.<\/strong><\/p>\n\n\n\n<p><strong>Szko\u0142y wchodz\u0105ce w sk\u0142ad PZSiPO pracuj\u0105 od poniedzia\u0142ku do pi\u0105tku w godzinach 7.45 &#8211; 16.25<\/strong><\/p>\n\n\n\n<p><strong>Sekretariat czynny od poniedzia\u0142ku do pi\u0105tku w godzinach 8.15 &#8211; 14.15<\/strong><\/p>\n\n\n\n<figure class=\"wp-block-image size-large\"><img loading=\"lazy\" decoding=\"async\" width=\"1024\" height=\"768\" src=\"https:\/\/pzsipo-brzeziny.pl\/wp-content\/uploads\/2021\/02\/DSC02705-1024x768.jpg\" alt=\"\" class=\"wp-image-132\" srcset=\"https:\/\/pzsipo-brzeziny.pl\/wp-content\/uploads\/2021\/02\/DSC02705-1024x768.jpg 1024w, https:\/\/pzsipo-brzeziny.pl\/wp-content\/uploads\/2021\/02\/DSC02705-300x225.jpg 300w, https:\/\/pzsipo-brzeziny.pl\/wp-content\/uploads\/2021\/02\/DSC02705-768x576.jpg 768w, https:\/\/pzsipo-brzeziny.pl\/wp-content\/uploads\/2021\/02\/DSC02705-1536x1152.jpg 1536w, https:\/\/pzsipo-brzeziny.pl\/wp-content\/uploads\/2021\/02\/DSC02705-2048x1536.jpg 2048w\" sizes=\"auto, (max-width: 1024px) 100vw, 1024px\" \/><\/figure>\n","protected":false},"excerpt":{"rendered":"<p>1 wrze\u015bnia 2020 r. Zesp\u00f3\u0142 Szk\u00f3\u0142 Specjalnych w Brzezinach zmieni\u0142 nazw\u0119 na Powiatowy Zesp\u00f3\u0142 Szk\u00f3\u0142 i Plac\u00f3wek O\u015bwiatowych w Brzezinach. W nowej strukturze PZSiPO znajduj\u0105 si\u0119: &#8211; o\u015bmioletnia szko\u0142a podstawowa&hellip;<\/p>\n","protected":false},"author":1,"featured_media":0,"parent":0,"menu_order":0,"comment_status":"closed","ping_status":"closed","template":"","meta":{"footnotes":""},"class_list":["post-13","page","type-page","status-publish","hentry"],"_links":{"self":[{"href":"https:\/\/pzsipo-brzeziny.pl\/index.php\/wp-json\/wp\/v2\/pages\/13","targetHints":{"allow":["GET"]}}],"collection":[{"href":"https:\/\/pzsipo-brzeziny.pl\/index.php\/wp-json\/wp\/v2\/pages"}],"about":[{"href":"https:\/\/pzsipo-brzeziny.pl\/index.php\/wp-json\/wp\/v2\/types\/page"}],"author":[{"embeddable":true,"href":"https:\/\/pzsipo-brzeziny.pl\/index.php\/wp-json\/wp\/v2\/users\/1"}],"replies":[{"embeddable":true,"href":"https:\/\/pzsipo-brzeziny.pl\/index.php\/wp-json\/wp\/v2\/comments?post=13"}],"version-history":[{"count":3,"href":"https:\/\/pzsipo-brzeziny.pl\/index.php\/wp-json\/wp\/v2\/pages\/13\/revisions"}],"predecessor-version":[{"id":133,"href":"https:\/\/pzsipo-brzeziny.pl\/index.php\/wp-json\/wp\/v2\/pages\/13\/revisions\/133"}],"wp:attachment":[{"href":"https:\/\/pzsipo-brzeziny.pl\/index.php\/wp-json\/wp\/v2\/media?parent=13"}],"curies":[{"name":"wp","href":"https:\/\/api.w.org\/{rel}","templated":true}]}}