{"id":1708,"date":"2022-09-16T05:19:13","date_gmt":"2022-09-16T05:19:13","guid":{"rendered":"https:\/\/pzsipo-brzeziny.pl\/?page_id=1708"},"modified":"2022-11-06T12:09:38","modified_gmt":"2022-11-06T12:09:38","slug":"nprc-2-0","status":"publish","type":"page","link":"https:\/\/pzsipo-brzeziny.pl\/index.php\/nprc-2-0\/","title":{"rendered":"NPRC 2.0"},"content":{"rendered":"\n<figure class=\"wp-block-image size-large\"><img loading=\"lazy\" decoding=\"async\" width=\"1024\" height=\"155\" src=\"https:\/\/pzsipo-brzeziny.pl\/wp-content\/uploads\/2022\/09\/nprcz-belka-men-kolor-rgb-1024x155.jpg\" alt=\"\" class=\"wp-image-1709\" srcset=\"https:\/\/pzsipo-brzeziny.pl\/wp-content\/uploads\/2022\/09\/nprcz-belka-men-kolor-rgb-1024x155.jpg 1024w, https:\/\/pzsipo-brzeziny.pl\/wp-content\/uploads\/2022\/09\/nprcz-belka-men-kolor-rgb-300x45.jpg 300w, https:\/\/pzsipo-brzeziny.pl\/wp-content\/uploads\/2022\/09\/nprcz-belka-men-kolor-rgb-768x116.jpg 768w, https:\/\/pzsipo-brzeziny.pl\/wp-content\/uploads\/2022\/09\/nprcz-belka-men-kolor-rgb-1536x233.jpg 1536w, https:\/\/pzsipo-brzeziny.pl\/wp-content\/uploads\/2022\/09\/nprcz-belka-men-kolor-rgb.jpg 2032w\" sizes=\"auto, (max-width: 1024px) 100vw, 1024px\" \/><\/figure>\n\n\n\n<p><a href=\"https:\/\/www.facebook.com\/media\/set\/?set=a.482693347169641&amp;type=3\" data-type=\"URL\" data-id=\"https:\/\/www.facebook.com\/media\/set\/?set=a.482693347169641&amp;type=3\" target=\"_blank\" rel=\"noreferrer noopener\">List od Pary Prezydenckiej<\/a><\/p>\n\n\n\n<p><a rel=\"noreferrer noopener\" href=\"https:\/\/www.facebook.com\/media\/set\/?set=a.481572977281678&amp;type=3\" data-type=\"URL\" data-id=\"https:\/\/www.facebook.com\/media\/set\/?set=a.481572977281678&amp;type=3\" target=\"_blank\">Mi\u0119dzynarodowy Dzie\u0144 Postaci z Bajek<\/a><\/p>\n\n\n\n<p><a rel=\"noreferrer noopener\" href=\"https:\/\/www.facebook.com\/media\/set\/?set=a.473531271419182&amp;type=3\" data-type=\"URL\" data-id=\"https:\/\/www.facebook.com\/media\/set\/?set=a.473531271419182&amp;type=3\" target=\"_blank\">Miesi\u0105c Bibliotek Szkolnych<\/a><\/p>\n\n\n\n<p><a rel=\"noreferrer noopener\" href=\"https:\/\/www.facebook.com\/media\/set\/?set=a.473538908085085&amp;type=3\" data-type=\"URL\" data-id=\"https:\/\/www.facebook.com\/media\/set\/?set=a.473538908085085&amp;type=3\" target=\"_blank\">Projekt czytelniczy klas F<\/a><\/p>\n\n\n\n<p><a rel=\"noreferrer noopener\" href=\"https:\/\/www.facebook.com\/media\/set\/?set=a.471356668303309&amp;type=3\" data-type=\"URL\" data-id=\"https:\/\/www.facebook.com\/media\/set\/?set=a.471356668303309&amp;type=3\" target=\"_blank\">Czytanie, s\u0142uchanie i obrazk\u00f3w dotykanie<\/a><\/p>\n\n\n\n<p><a rel=\"noreferrer noopener\" href=\"#pzsipo #NPRC #Spotkaniezpisarzem #szko\u0142apodstawowa W pa\u017adzierniku klasy szko\u0142y podstawowej uczestniczy\u0142y w spotkaniach z pisarzami online. Klasy B i C spotka\u0142y si\u0119 wirtualnie z Joann\u0105 Papuzi\u0144sk\u0105, klasa F z Andrzejem Perepeczko, klasa D z Barbar\u0105 Gawryluk, a klasa D z Renat\u0105 Pi\u0105tkowsk\u0105. Dla wszystkich uczestnik\u00f3w spotka\u0144 by\u0142o to wielkie prze\u017cycie, gdy\u017c uczniowie wcze\u015bniej poznali lektury napisane przez tych znanych pisarzy.\" data-type=\"internal\" data-id=\"#pzsipo #NPRC #Spotkaniezpisarzem #szko\u0142apodstawowa W pa\u017adzierniku klasy szko\u0142y podstawowej uczestniczy\u0142y w spotkaniach z pisarzami online. Klasy B i C spotka\u0142y si\u0119 wirtualnie z Joann\u0105 Papuzi\u0144sk\u0105, klasa F z Andrzejem Perepeczko, klasa D z Barbar\u0105 Gawryluk, a klasa D z Renat\u0105 Pi\u0105tkowsk\u0105. Dla wszystkich uczestnik\u00f3w spotka\u0144 by\u0142o to wielkie prze\u017cycie, gdy\u017c uczniowie wcze\u015bniej poznali lektury napisane przez tych znanych pisarzy.\" target=\"_blank\">Spotkanie z pisarzem<\/a><\/p>\n\n\n\n<p><a rel=\"noreferrer noopener\" href=\"https:\/\/www.facebook.com\/media\/set?vanity=100062869395181&amp;set=a.471322694973373\" data-type=\"URL\" data-id=\"https:\/\/www.facebook.com\/media\/set?vanity=100062869395181&amp;set=a.471322694973373\" target=\"_blank\">Projekt czytelniczy klasa A<\/a><\/p>\n\n\n\n<p><a rel=\"noreferrer noopener\" href=\"https:\/\/www.facebook.com\/media\/set\/?set=a.466683302103979&amp;type=3\" data-type=\"URL\" data-id=\"https:\/\/www.facebook.com\/media\/set\/?set=a.466683302103979&amp;type=3\" target=\"_blank\">Dzie\u0144 chleba w przedszkolu- wydarzenie z wykorzystaniem ksi\u0105\u017cek zakupionych w ramach NPRC 2.0<\/a><\/p>\n\n\n\n<p><a rel=\"noreferrer noopener\" href=\"https:\/\/www.facebook.com\/media\/set\/?set=a.466134758825500&amp;type=3\" data-type=\"URL\" data-id=\"https:\/\/www.facebook.com\/media\/set\/?set=a.466134758825500&amp;type=3\" target=\"_blank\">Klasa A poznaje grzyby &#8211; lekcja z wykorzystaniem ksi\u0105\u017cek zakupionych w ramach NPRC 2.0<\/a><\/p>\n\n\n\n<p><a rel=\"noreferrer noopener\" href=\"https:\/\/www.facebook.com\/media\/set\/?set=a.460370379401938&amp;type=3\" data-type=\"URL\" data-id=\"https:\/\/www.facebook.com\/media\/set\/?set=a.460370379401938&amp;type=3\" target=\"_blank\">Projekt czytelniczy klasa D<\/a><\/p>\n\n\n\n<p><a rel=\"noreferrer noopener\" href=\"https:\/\/www.facebook.com\/media\/set\/?set=a.460361799402796&amp;type=3\" data-type=\"URL\" data-id=\"https:\/\/www.facebook.com\/media\/set\/?set=a.460361799402796&amp;type=3\" target=\"_blank\">Projekt czytelniczy klasa B<\/a><\/p>\n\n\n\n<p><a rel=\"noreferrer noopener\" href=\"https:\/\/www.facebook.com\/media\/set\/?vanity=100062869395181&amp;set=a.460351059403870\" data-type=\"URL\" data-id=\"https:\/\/www.facebook.com\/media\/set\/?vanity=100062869395181&amp;set=a.460351059403870\" target=\"_blank\">Edukacja klasyczna- sztuka zakl\u0119ta w starodrukach<\/a><\/p>\n\n\n\n<p><a rel=\"noreferrer noopener\" href=\"https:\/\/www.facebook.com\/media\/set\/?set=a.460344042737905&amp;type=3\" data-type=\"URL\" data-id=\"https:\/\/www.facebook.com\/media\/set\/?set=a.460344042737905&amp;type=3\" target=\"_blank\">Wystawa w MBP &#8211; Kobiety w malarstwie<\/a><\/p>\n\n\n\n<p><a rel=\"noreferrer noopener\" href=\"https:\/\/www.facebook.com\/media\/set\/?set=a.452851060153870&amp;type=3\" data-type=\"URL\" data-id=\"https:\/\/www.facebook.com\/media\/set\/?set=a.452851060153870&amp;type=3\" target=\"_blank\">Ca\u0142a Polska czyta Dzieciom &#8211; Czytamy sami i z kolegami!<\/a><\/p>\n\n\n\n<p><a rel=\"noreferrer noopener\" href=\"\u201dCenzura nas dzieli\u201d. Z tej okazji 23 wrze\u015bnia uczniowie najstarszych klas szko\u0142y wzi\u0119li udzia\u0142 w pasjonuj\u0105cej prelekcji w CRE \u2013 Bibliotece Pedagogicznej w Brzezinach, kt\u00f3r\u0105 przygotowa\u0142a P. Ma\u0142gorzata Siuci\u0144ska. Ciekawostki zwi\u0105zane z cenzur\u0105 znanych i mniej znanych ksi\u0105\u017cek sta\u0142y si\u0119 przyczynkiem do d\u0142ugiej i bardzo emocjonuj\u0105cej dyskusji. Serdecznie dzi\u0119kujemy za to spotkanie! Wydarzenie odby\u0142o si\u0119 w ramach wsp\u00f3\u0142pracy Biblioteki Pedagogicznej w Brzezinach z bibliotek\u0105 szkoln\u0105 PZSiPO w Brzezinach realizuj\u0105c\u0105 NPRC 2.0.\" data-type=\"internal\" data-id=\"#pzsipobrzeziny #nprc #wsp\u00f3\u0142pracabibliotek We wrze\u015bniu  obchodzony jest Tydzie\u0144 Zakazanych Ksi\u0105\u017cek. Tegoroczny przebiega pod has\u0142em: \u201dCenzura nas dzieli\u201d. Z tej okazji 23 wrze\u015bnia uczniowie najstarszych klas szko\u0142y wzi\u0119li udzia\u0142 w pasjonuj\u0105cej prelekcji w CRE \u2013 Bibliotece Pedagogicznej w Brzezinach, kt\u00f3r\u0105 przygotowa\u0142a P. Ma\u0142gorzata Siuci\u0144ska. Ciekawostki zwi\u0105zane z cenzur\u0105 znanych i mniej znanych ksi\u0105\u017cek sta\u0142y si\u0119 przyczynkiem do d\u0142ugiej i bardzo emocjonuj\u0105cej dyskusji. Serdecznie dzi\u0119kujemy za to spotkanie! Wydarzenie odby\u0142o si\u0119 w ramach wsp\u00f3\u0142pracy Biblioteki Pedagogicznej w Brzezinach z bibliotek\u0105 szkoln\u0105 PZSiPO w Brzezinach realizuj\u0105c\u0105 NPRC 2.0.\" target=\"_blank\">Tydzie\u0144 Zakazanych Ksi\u0105\u017cek<\/a><\/p>\n\n\n\n<p><a rel=\"noreferrer noopener\" href=\"https:\/\/www.facebook.com\/media\/set\/?set=a.3185150311737493&amp;type=3\" data-type=\"URL\" data-id=\"https:\/\/www.facebook.com\/media\/set\/?set=a.3185150311737493&amp;type=3\" target=\"_blank\">Jesie\u0144 u Biedroneczek<\/a><\/p>\n\n\n\n<p><a rel=\"noreferrer noopener\" href=\"https:\/\/www.facebook.com\/media\/set\/?set=a.3182203962032128&amp;type=3\" data-type=\"URL\" data-id=\"https:\/\/www.facebook.com\/media\/set\/?set=a.3182203962032128&amp;type=3\" target=\"_blank\">Projekt czytelniczy klasa E<\/a><\/p>\n\n\n\n<p><a href=\"https:\/\/www.facebook.com\/media\/set\/?set=a.3183307048588486&amp;type=3\" data-type=\"URL\" data-id=\"https:\/\/www.facebook.com\/media\/set\/?set=a.3183307048588486&amp;type=3\" target=\"_blank\" rel=\"noreferrer noopener\">Projekt czytelniczy klasa C<\/a><\/p>\n\n\n\n<p><a href=\"https:\/\/www.facebook.com\/media\/set\/?set=a.3178856439033547&amp;type=3\" data-type=\"URL\" data-id=\"https:\/\/www.facebook.com\/media\/set\/?set=a.3178856439033547&amp;type=3\">Edukacja przedszkolna- Biedroneczki s\u0105 bezpieczne<\/a><\/p>\n\n\n\n<p><a href=\"https:\/\/www.facebook.com\/media\/set\/?set=a.3170116779907513&amp;type=3\" data-type=\"URL\" data-id=\"https:\/\/www.facebook.com\/media\/set\/?set=a.3170116779907513&amp;type=3\" target=\"_blank\" rel=\"noreferrer noopener\">Narodowe Czytanie 2022<\/a><\/p>\n\n\n\n<p><a href=\"https:\/\/www.facebook.com\/media\/set\/?set=a.3165642693688255&amp;type=3\" data-type=\"URL\" data-id=\"https:\/\/www.facebook.com\/media\/set\/?set=a.3165642693688255&amp;type=3\" target=\"_blank\" rel=\"noreferrer noopener\">Narodowe Czytanie &#8211; zaproszenie<\/a><\/p>\n\n\n\n<p><a href=\"https:\/\/www.facebook.com\/media\/set\/?set=a.3143287859257072&amp;type=3\" data-type=\"URL\" data-id=\"https:\/\/www.facebook.com\/media\/set\/?set=a.3143287859257072&amp;type=3\" target=\"_blank\" rel=\"noreferrer noopener\">Nowo\u015bci wydawnicze ju\u017c na p\u00f3\u0142kach<\/a><\/p>\n\n\n\n<p><a href=\"https:\/\/www.facebook.com\/media\/set\/?set=a.3142762875976237&amp;type=3\" data-type=\"URL\" data-id=\"https:\/\/www.facebook.com\/media\/set\/?set=a.3142762875976237&amp;type=3\" target=\"_blank\" rel=\"noreferrer noopener\">Poznajemy histori\u0119 XX wieku<\/a><\/p>\n\n\n\n<p><a href=\"https:\/\/www.facebook.com\/media\/set\/?set=a.3139762126276312&amp;type=3\" data-type=\"URL\" data-id=\"https:\/\/www.facebook.com\/media\/set\/?set=a.3139762126276312&amp;type=3\" target=\"_blank\" rel=\"noreferrer noopener\">Zakup i opracowanie nowo\u015bci wydawniczych<\/a><\/p>\n\n\n\n<p><a href=\"https:\/\/www.facebook.com\/media\/set\/?set=a.3103274446591747&amp;type=3\" data-type=\"URL\" data-id=\"https:\/\/www.facebook.com\/media\/set\/?set=a.3103274446591747&amp;type=3\" target=\"_blank\" rel=\"noreferrer noopener\">NPRC 2.0 &#8211; informacja o przyst\u0105pieniu do programu<\/a><\/p>\n","protected":false},"excerpt":{"rendered":"<p>List od Pary Prezydenckiej Mi\u0119dzynarodowy Dzie\u0144 Postaci z Bajek Miesi\u0105c Bibliotek Szkolnych Projekt czytelniczy klas F Czytanie, s\u0142uchanie i obrazk\u00f3w dotykanie Spotkanie z pisarzem Projekt czytelniczy klasa A Dzie\u0144 chleba&hellip;<\/p>\n","protected":false},"author":2,"featured_media":0,"parent":0,"menu_order":0,"comment_status":"closed","ping_status":"closed","template":"","meta":{"footnotes":""},"class_list":["post-1708","page","type-page","status-publish","hentry"],"_links":{"self":[{"href":"https:\/\/pzsipo-brzeziny.pl\/index.php\/wp-json\/wp\/v2\/pages\/1708","targetHints":{"allow":["GET"]}}],"collection":[{"href":"https:\/\/pzsipo-brzeziny.pl\/index.php\/wp-json\/wp\/v2\/pages"}],"about":[{"href":"https:\/\/pzsipo-brzeziny.pl\/index.php\/wp-json\/wp\/v2\/types\/page"}],"author":[{"embeddable":true,"href":"https:\/\/pzsipo-brzeziny.pl\/index.php\/wp-json\/wp\/v2\/users\/2"}],"replies":[{"embeddable":true,"href":"https:\/\/pzsipo-brzeziny.pl\/index.php\/wp-json\/wp\/v2\/comments?post=1708"}],"version-history":[{"count":20,"href":"https:\/\/pzsipo-brzeziny.pl\/index.php\/wp-json\/wp\/v2\/pages\/1708\/revisions"}],"predecessor-version":[{"id":1835,"href":"https:\/\/pzsipo-brzeziny.pl\/index.php\/wp-json\/wp\/v2\/pages\/1708\/revisions\/1835"}],"wp:attachment":[{"href":"https:\/\/pzsipo-brzeziny.pl\/index.php\/wp-json\/wp\/v2\/media?parent=1708"}],"curies":[{"name":"wp","href":"https:\/\/api.w.org\/{rel}","templated":true}]}}