{"id":2039,"date":"2024-10-31T19:47:17","date_gmt":"2024-10-31T19:47:17","guid":{"rendered":"https:\/\/pzsipo-brzeziny.pl\/?page_id=2039"},"modified":"2025-10-24T17:32:15","modified_gmt":"2025-10-24T17:32:15","slug":"patron-szkoly","status":"publish","type":"page","link":"https:\/\/pzsipo-brzeziny.pl\/index.php\/patron-szkoly\/","title":{"rendered":"PATRON SZKO\u0141Y"},"content":{"rendered":"\n<figure class=\"wp-block-image size-large\"><img loading=\"lazy\" decoding=\"async\" width=\"1024\" height=\"894\" src=\"https:\/\/pzsipo-brzeziny.pl\/wp-content\/uploads\/2024\/10\/logo-patron-1024x894.jpg\" alt=\"\" class=\"wp-image-2040\" srcset=\"https:\/\/pzsipo-brzeziny.pl\/wp-content\/uploads\/2024\/10\/logo-patron-1024x894.jpg 1024w, https:\/\/pzsipo-brzeziny.pl\/wp-content\/uploads\/2024\/10\/logo-patron-300x262.jpg 300w, https:\/\/pzsipo-brzeziny.pl\/wp-content\/uploads\/2024\/10\/logo-patron-768x670.jpg 768w, https:\/\/pzsipo-brzeziny.pl\/wp-content\/uploads\/2024\/10\/logo-patron-1536x1341.jpg 1536w, https:\/\/pzsipo-brzeziny.pl\/wp-content\/uploads\/2024\/10\/logo-patron-2048x1788.jpg 2048w\" sizes=\"auto, (max-width: 1024px) 100vw, 1024px\" \/><\/figure>\n\n\n\n<p>Mi\u0142o nam poinformowa\u0107 Pa\u0144stwa, i\u017c zako\u0144czy\u0142y si\u0119 prace zwi\u0105zane z nadaniem imienia Szkole Podstawowej Specjalnej w PZSiPO w Brzezinach.<\/p>\n\n\n\n<p>W dniu 14 pa\u017adziernika 2025 r. odby\u0142a si\u0119 uroczysto\u015b\u0107 nadania imienia Janusza Korczaka oraz sztandaru Szkole Podstawowej w PZSiPO w Brzezinach.<br><\/p>\n\n\n\n<p><a href=\"https:\/\/www.facebook.com\/media\/set\/?vanity=100062869395181&amp;set=a.1179955957443373\" data-type=\"link\" data-id=\"https:\/\/www.facebook.com\/media\/set\/?vanity=100062869395181&amp;set=a.1179955957443373\" target=\"_blank\" rel=\"noreferrer noopener\">Relacja z uroczysto\u015bci<\/a><\/p>\n\n\n\n<figure class=\"wp-block-image size-large\"><img loading=\"lazy\" decoding=\"async\" width=\"776\" height=\"1024\" src=\"https:\/\/pzsipo-brzeziny.pl\/wp-content\/uploads\/2025\/10\/562259941_1180540890718213_1199321807692260062_n-776x1024.jpg\" alt=\"\" class=\"wp-image-2286\" srcset=\"https:\/\/pzsipo-brzeziny.pl\/wp-content\/uploads\/2025\/10\/562259941_1180540890718213_1199321807692260062_n-776x1024.jpg 776w, https:\/\/pzsipo-brzeziny.pl\/wp-content\/uploads\/2025\/10\/562259941_1180540890718213_1199321807692260062_n-227x300.jpg 227w, https:\/\/pzsipo-brzeziny.pl\/wp-content\/uploads\/2025\/10\/562259941_1180540890718213_1199321807692260062_n-768x1013.jpg 768w, https:\/\/pzsipo-brzeziny.pl\/wp-content\/uploads\/2025\/10\/562259941_1180540890718213_1199321807692260062_n-1164x1536.jpg 1164w, https:\/\/pzsipo-brzeziny.pl\/wp-content\/uploads\/2025\/10\/562259941_1180540890718213_1199321807692260062_n.jpg 1552w\" sizes=\"auto, (max-width: 776px) 100vw, 776px\" \/><\/figure>\n\n\n\n<figure class=\"wp-block-image size-large\"><img loading=\"lazy\" decoding=\"async\" width=\"768\" height=\"1024\" src=\"https:\/\/pzsipo-brzeziny.pl\/wp-content\/uploads\/2025\/10\/565080752_1179972494108386_8202631434629900460_n-768x1024.jpg\" alt=\"\" class=\"wp-image-2287\" srcset=\"https:\/\/pzsipo-brzeziny.pl\/wp-content\/uploads\/2025\/10\/565080752_1179972494108386_8202631434629900460_n-768x1024.jpg 768w, https:\/\/pzsipo-brzeziny.pl\/wp-content\/uploads\/2025\/10\/565080752_1179972494108386_8202631434629900460_n-225x300.jpg 225w, https:\/\/pzsipo-brzeziny.pl\/wp-content\/uploads\/2025\/10\/565080752_1179972494108386_8202631434629900460_n-1152x1536.jpg 1152w, https:\/\/pzsipo-brzeziny.pl\/wp-content\/uploads\/2025\/10\/565080752_1179972494108386_8202631434629900460_n.jpg 1536w\" sizes=\"auto, (max-width: 768px) 100vw, 768px\" \/><\/figure>\n\n\n\n<figure class=\"wp-block-image size-large\"><img loading=\"lazy\" decoding=\"async\" width=\"768\" height=\"1024\" src=\"https:\/\/pzsipo-brzeziny.pl\/wp-content\/uploads\/2025\/10\/565116861_1179972034108432_6441402229579247104_n-768x1024.jpg\" alt=\"\" class=\"wp-image-2288\" srcset=\"https:\/\/pzsipo-brzeziny.pl\/wp-content\/uploads\/2025\/10\/565116861_1179972034108432_6441402229579247104_n-768x1024.jpg 768w, https:\/\/pzsipo-brzeziny.pl\/wp-content\/uploads\/2025\/10\/565116861_1179972034108432_6441402229579247104_n-225x300.jpg 225w, https:\/\/pzsipo-brzeziny.pl\/wp-content\/uploads\/2025\/10\/565116861_1179972034108432_6441402229579247104_n-1152x1536.jpg 1152w, https:\/\/pzsipo-brzeziny.pl\/wp-content\/uploads\/2025\/10\/565116861_1179972034108432_6441402229579247104_n.jpg 1536w\" sizes=\"auto, (max-width: 768px) 100vw, 768px\" \/><\/figure>\n\n\n\n<p>Zapraszamy do zapoznania si\u0119 z informacjami dotycz\u0105cymi procedur i harmonogramu prac, kt\u00f3re aktualizowane s\u0105 na stronie w zak\u0142adce \u201ePatron Szko\u0142y\u201d.<\/p>\n\n\n\n<div class=\"wp-block-file\"><a href=\"https:\/\/pzsipo-brzeziny.pl\/wp-content\/uploads\/2024\/10\/Procedura-nadania-imienia-szkole.odt\">Procedura-nadania-imienia-szkole<\/a><a href=\"https:\/\/pzsipo-brzeziny.pl\/wp-content\/uploads\/2024\/10\/Procedura-nadania-imienia-szkole.odt\" class=\"wp-block-file__button wp-element-button\" download>Pobierz<\/a><\/div>\n\n\n\n<div class=\"wp-block-file\"><a href=\"https:\/\/pzsipo-brzeziny.pl\/wp-content\/uploads\/2024\/10\/Regulamin-wyboru-patrona-szkoly.docx\">Regulamin-wyboru-patrona-szkoly<\/a><a href=\"https:\/\/pzsipo-brzeziny.pl\/wp-content\/uploads\/2024\/10\/Regulamin-wyboru-patrona-szkoly.docx\" class=\"wp-block-file__button wp-element-button\" download>Pobierz<\/a><\/div>\n\n\n\n<div class=\"wp-block-file\"><a href=\"https:\/\/pzsipo-brzeziny.pl\/wp-content\/uploads\/2024\/10\/Harmonogram-prac.docx\">Harmonogram-prac<\/a><a href=\"https:\/\/pzsipo-brzeziny.pl\/wp-content\/uploads\/2024\/10\/Harmonogram-prac.docx\" class=\"wp-block-file__button wp-element-button\" download>Pobierz<\/a><\/div>\n","protected":false},"excerpt":{"rendered":"<p>Mi\u0142o nam poinformowa\u0107 Pa\u0144stwa, i\u017c zako\u0144czy\u0142y si\u0119 prace zwi\u0105zane z nadaniem imienia Szkole Podstawowej Specjalnej w PZSiPO w Brzezinach. W dniu 14 pa\u017adziernika 2025 r. odby\u0142a si\u0119 uroczysto\u015b\u0107 nadania imienia&hellip;<\/p>\n","protected":false},"author":2,"featured_media":0,"parent":0,"menu_order":0,"comment_status":"closed","ping_status":"closed","template":"","meta":{"footnotes":""},"class_list":["post-2039","page","type-page","status-publish","hentry"],"_links":{"self":[{"href":"https:\/\/pzsipo-brzeziny.pl\/index.php\/wp-json\/wp\/v2\/pages\/2039","targetHints":{"allow":["GET"]}}],"collection":[{"href":"https:\/\/pzsipo-brzeziny.pl\/index.php\/wp-json\/wp\/v2\/pages"}],"about":[{"href":"https:\/\/pzsipo-brzeziny.pl\/index.php\/wp-json\/wp\/v2\/types\/page"}],"author":[{"embeddable":true,"href":"https:\/\/pzsipo-brzeziny.pl\/index.php\/wp-json\/wp\/v2\/users\/2"}],"replies":[{"embeddable":true,"href":"https:\/\/pzsipo-brzeziny.pl\/index.php\/wp-json\/wp\/v2\/comments?post=2039"}],"version-history":[{"count":4,"href":"https:\/\/pzsipo-brzeziny.pl\/index.php\/wp-json\/wp\/v2\/pages\/2039\/revisions"}],"predecessor-version":[{"id":2289,"href":"https:\/\/pzsipo-brzeziny.pl\/index.php\/wp-json\/wp\/v2\/pages\/2039\/revisions\/2289"}],"wp:attachment":[{"href":"https:\/\/pzsipo-brzeziny.pl\/index.php\/wp-json\/wp\/v2\/media?parent=2039"}],"curies":[{"name":"wp","href":"https:\/\/api.w.org\/{rel}","templated":true}]}}