{"id":2313,"date":"2026-01-15T08:58:52","date_gmt":"2026-01-15T08:58:52","guid":{"rendered":"https:\/\/pzsipo-brzeziny.pl\/?page_id=2313"},"modified":"2026-01-15T08:58:53","modified_gmt":"2026-01-15T08:58:53","slug":"psycholog-pedagog-2","status":"publish","type":"page","link":"https:\/\/pzsipo-brzeziny.pl\/index.php\/psycholog-pedagog-2\/","title":{"rendered":"PSYCHOLOG\/PEDAGOG"},"content":{"rendered":"\n<h5 class=\"wp-block-heading\">CZYM ZAJMUJE SI\u0118 PSYCHOLOG SZKOLNY?<\/h5>\n\n\n\n<p>Psycholog szkolny to osoba, kt\u00f3ra zajmuje si\u0119 udzielaniem wsparcia psychologicznego uczniom, ich rodzicom oraz nauczycielom. Mog\u0105 si\u0119 do niego zg\u0142osi\u0107 wszystkie osoby tworz\u0105ce szkoln\u0105 spo\u0142eczno\u015b\u0107, kt\u00f3re zmagaj\u0105 si\u0119 z r\u00f3\u017cnego rodzaju trudno\u015bciami emocjonalnymi, zwi\u0105zanymi z funkcjonowaniem w grupie spo\u0142ecznej czy nauk\u0105 szkoln\u0105. Prowadzi on indywidualne lub grupowe zaj\u0119cia o charakterze terapeutycznym lub rozwijaj\u0105ce kompetencje emocjonalno- spo\u0142eczne.<\/p>\n\n\n\n<p>Spotkania z uczniami maj\u0105 na celu m.in. rozw\u00f3j w zakresie zarz\u0105dzania swoimi emocjami, asertywno\u015bci, integracji a tak\u017ce wielu innych umiej\u0119tno\u015bci spo\u0142ecznych b\u0119d\u0105cych narz\u0119dziem do radzenia sobie w codziennym \u017cyciu. Psycholog podejmuje tak\u017ce dzia\u0142ania interwencyjne w sytuacjach kryzysowych oraz aktywnie uczestniczy w dzia\u0142aniach wychowawczo-profilaktycznych na terenie szko\u0142y.<\/p>\n\n\n\n<h5 class=\"wp-block-heading\">DROGI UCZNIU! ZG\u0141O\u015a SI\u0118 DO PSYCHOLOGA JE\u015aLI:<\/h5>\n\n\n\n<ul class=\"wp-block-list\">\n<li>masz jaki\u015b problem i nie wiesz z kim mo\u017cesz o nim porozmawia\u0107 lub nie wiesz jak go rozwi\u0105za\u0107,<\/li>\n\n\n\n<li>stoisz przed trudnym wyborem i potrzebujesz pomocy w podj\u0119ciu decyzji,<\/li>\n\n\n\n<li>czujesz strach gdy masz i\u015b\u0107 do szko\u0142y,<\/li>\n\n\n\n<li>czujesz si\u0119 nieswojo w klasie b\u0105d\u017a masz trudno\u015bci w relacjach z r\u00f3wie\u015bnikami,<\/li>\n\n\n\n<li>jeste\u015b odrzucany przez osoby z klasy\/szko\u0142y lub izolujesz si\u0119 od nich,<\/li>\n\n\n\n<li>wpad\u0142a\u015b\/e\u015b w towarzystwo, kt\u00f3re robi rzeczy, kt\u00f3re Ci si\u0119 nie podobaj\u0105 (uwa\u017casz, \u017ce s\u0105 niew\u0142a\u015bciwe),<\/li>\n\n\n\n<li>kto\u015b Ci dokucza, wyzywa, wy\u015bmiewa, grozi, wymusza od Ciebie pieni\u0105dze itp.,<\/li>\n\n\n\n<li>masz problemy w relacjach z osobami doros\u0142ymi (rodzicami, opiekunami, nauczycielami),<\/li>\n\n\n\n<li>martwisz si\u0119 sytuacj\u0105 w domu rodzinnym,<\/li>\n\n\n\n<li>kto\u015b z Twojego otoczenia ma problem i czujesz, \u017ce potrzebuje pomocy,<\/li>\n\n\n\n<li>czujesz si\u0119 samotny b\u0105d\u017a nierozumiany,<\/li>\n\n\n\n<li>masz problem z kontrolowaniem swoich emocji, bywasz agresywny,<\/li>\n\n\n\n<li>zrobi\u0142e\u015b co\u015b, czego \u017ca\u0142ujesz,<\/li>\n\n\n\n<li>jeste\u015b nie\u015bmia\u0142a\/\u0142y i chcesz to zmieni\u0107,<\/li>\n\n\n\n<li>po prostu chcesz porozmawia\u0107 lub o co\u015b zapyta\u0107.<\/li>\n<\/ul>\n\n\n\n<p>Przyjd\u017a \u2013 wsp\u00f3lnie spr\u00f3bujemy sobie z tym poradzi\u0107!<\/p>\n\n\n\n<h5 class=\"wp-block-heading\">DROGI RODZICU\/OPIEKUNIE! PRZYJD\u0179 NA KONSULTACJ\u0118 DO PSYCHOLOGA JE\u015aLI:<\/h5>\n\n\n\n<ul class=\"wp-block-list\">\n<li>martwi Ci\u0119 zachowanie Twojego dziecka,<\/li>\n\n\n\n<li>chcesz dowiedzie\u0107 si\u0119 jak pracowa\u0107 ze swoim dzieckiem w domu,<\/li>\n\n\n\n<li>potrzebujesz wsparcia\/porady w trudnej sytuacji,<\/li>\n\n\n\n<li>co\u015b dzieje si\u0119 w Twojej rodzinie i boisz si\u0119, jaki to b\u0119dzie mia\u0142o wp\u0142yw na Twoje dziecko,<\/li>\n\n\n\n<li>zachowanie Twojego dziecka nagle si\u0119 zmieni\u0142o, ale nie wiesz dlaczego,<\/li>\n\n\n\n<li>Twoje dziecko zachowa\u0142o si\u0119 w zaskakuj\u0105cy dla Ciebie spos\u00f3b i chcesz si\u0119 upewni\u0107 czy wszystko jest w porz\u0105dku,<\/li>\n\n\n\n<li>chcia\u0142by\u015b poprawi\u0107 lub pog\u0142\u0119bi\u0107 relacje ze swoim dzieckiem,<\/li>\n<\/ul>\n\n\n\n<h5 class=\"wp-block-heading\">CZYM ZAJMUJE SI\u0118 PEDAGOG SZKOLNY?<\/h5>\n\n\n\n<p>Pedagog szkolny, to kto\u015b kto nie krzyczy, nie ocenia, nie krytykuje, nie wy\u015bmiewa. Pedagog to osoba, kt\u00f3ra wys\u0142ucha, zrozumie, doradzi, podpowie, wyt\u0142umaczy np.: jak skutecznie radzi\u0107 sobie ze stresem, podpowie, jak\u0105 wybra\u0107 w \u017cyciu drog\u0119, przestrze\u017ce przed tym co niebezpieczne, nauczy my\u015ble\u0107 tw\u00f3rczo, wyt\u0142umaczy co znaczy by\u0107 asertywnym, odpowie na nurtuj\u0105ce pytania.<\/p>\n\n\n\n<p>Do pedagoga szkolnego mo\u017ce przyj\u015b\u0107 ka\u017cdy, kto ma jaki\u015b k\u0142opot, a nie potrafi sobie z nim poradzi\u0107.<br>G\u0142\u00f3wnym partnerem w pracy pedagoga jest UCZE\u0143!<\/p>\n\n\n\n<p>Pedagog pomaga uczniom, rodzicom i nauczycielom. Mo\u017cna si\u0119 do niego zwraca\u0107 o porad\u0119, konsultacj\u0119, pomoc, rad\u0119 i wsparcie w ka\u017cdej sytuacji, zw\u0142aszcza tej problemowej zwi\u0105zanej z sytuacj\u0105 wychowawcz\u0105 czy edukacyjn\u0105.<\/p>\n\n\n\n<p>Pedagog szkolny to g\u0142\u00f3wnie tzw. szkolny rzecznik dziecka, mediator, kt\u00f3ry powinien sprawiedliwie rozwi\u0105za\u0107 wszystkie konflikty zachodz\u0105ce pomi\u0119dzy uczniami, uczniem i nauczycielem a nawet dzieckiem i rodzicami.<\/p>\n\n\n\n<h5 class=\"wp-block-heading\">DROGI UCZNIU, ZWR\u00d3\u0106 SI\u0118 DO PEDAGOGA SZKOLNEGO, GDY:<\/h5>\n\n\n\n<ul class=\"wp-block-list\">\n<li>Czujesz, \u017ce nikt Ci\u0119 nie rozumie, jeste\u015b samotny.<\/li>\n\n\n\n<li>Nie potrafisz porozumie\u0107 si\u0119 z nauczycielem.<\/li>\n\n\n\n<li>Masz problemy rodzinne, znajdujesz si\u0119 w trudnej sytuacji.<\/li>\n\n\n\n<li>Masz problem i nie wiesz jak go rozwi\u0105za\u0107.<\/li>\n\n\n\n<li>Chcesz podzieli\u0107 si\u0119 swoj\u0105 rado\u015bci\u0105, sukcesem.<\/li>\n\n\n\n<li>Chcia\u0142by\u015b z kim\u015b porozmawia\u0107.<\/li>\n\n\n\n<li>Chcia\u0142by\u015b pom\u00f3c innym, nie wiesz w jaki spos\u00f3b.<\/li>\n\n\n\n<li>Masz ciekawe pomys\u0142y, kt\u00f3rymi chcesz si\u0119 podzieli\u0107.<\/li>\n\n\n\n<li>Przyjd\u017a tak\u017ce z ka\u017cd\u0105 spraw\u0105, z kt\u00f3r\u0105 sam nie potrafisz sobie poradzi\u0107.<\/li>\n<\/ul>\n\n\n\n<h5 class=\"wp-block-heading\">DROGI RODZICU\/ OPIEKUNIE, ZWR\u00d3\u0106 SI\u0118 DO PEDAGOGA SZKOLNEGO GDY:<\/h5>\n\n\n\n<ul class=\"wp-block-list\">\n<li>niepokoi Ci\u0119 zachowanie Twojego dziecka;<\/li>\n\n\n\n<li>chcesz porozmawia\u0107 o dziecku i Twoich z nim relacjach;<\/li>\n\n\n\n<li>masz pytania dotycz\u0105ce wynik\u00f3w w nauce i funkcjonowania Twojego dziecka w szkole;<\/li>\n\n\n\n<li>potrzebujesz wsparcia w procesie wychowania;<\/li>\n\n\n\n<li>masz pytania i nie wiesz do kogo si\u0119 z nimi zwr\u00f3ci\u0107;<\/li>\n\n\n\n<li>szukasz pomocy.<\/li>\n<\/ul>\n\n\n\n<h5 class=\"wp-block-heading\">GABINET PSYCHOLOGA\/ PEDAGOGA SZKOLNEGO&nbsp;ZNAJDUJE SI\u0118 NA II PI\u0118TRZE, SALA 205<\/h5>\n\n\n\n<figure class=\"wp-block-table\"><table class=\"has-fixed-layout\"><tbody><tr><td><strong>&nbsp;<\/strong><\/td><td><strong>PSYCHOLOG SZKOLNY<\/strong><strong>\u0141UKASZ PRYSI\u0143SKI<\/strong><\/td><td><strong>PEDAGOG&nbsp; SZKOLNY<\/strong><strong>KATARZYNA GO\u0141\u0118BIOWSKA<\/strong><\/td><\/tr><tr><td><strong>PONIEDZIA\u0141EK<\/strong><\/td><td><strong>11.00-13.00<\/strong><\/td><td><strong>10.00-12.00<\/strong><\/td><\/tr><tr><td><strong>WTOREK<\/strong><\/td><td><strong>&nbsp;<\/strong><\/td><td><strong>&nbsp;<\/strong><\/td><\/tr><tr><td><strong>\u015aRODA<\/strong><\/td><td><strong>15.00-18.00<\/strong><\/td><td><strong>10.00-12.00<\/strong><\/td><\/tr><tr><td><strong>CZWARTEK<\/strong><\/td><td><strong>8.00-12.00<\/strong><\/td><td><strong>&nbsp; 9.00- 10.00&nbsp;&nbsp;&nbsp;&nbsp;&nbsp;&nbsp; &nbsp;&nbsp;&nbsp;&nbsp;&nbsp;11.00-12.00<\/strong><\/td><\/tr><tr><td><strong>PI\u0104TEK<\/strong><\/td><td><strong>9.00-12.00<\/strong><\/td><td><strong>&nbsp;<\/strong><\/td><\/tr><\/tbody><\/table><\/figure>\n\n\n\n<p>PRZEPISY PRAWA O\u015aWIATOWEGO<\/p>\n\n\n\n<p><a rel=\"noreferrer noopener\" href=\"https:\/\/isap.sejm.gov.pl\/isap.nsf\/download.xsp\/WDU20170001591\/O\/D20171591.pdf\" target=\"_blank\">Rozporz\u0105dzenie Ministra Edukacji Narodowej z dnia 9 sierpnia 2017 r. w sprawie zasad organizacji i udzielania pomocy psychologiczno-pedagogicznej w publicznych przedszkolach, szko\u0142ach i plac\u00f3wkach<\/a><\/p>\n","protected":false},"excerpt":{"rendered":"<p>CZYM ZAJMUJE SI\u0118 PSYCHOLOG SZKOLNY? Psycholog szkolny to osoba, kt\u00f3ra zajmuje si\u0119 udzielaniem wsparcia psychologicznego uczniom, ich rodzicom oraz nauczycielom. Mog\u0105 si\u0119 do niego zg\u0142osi\u0107 wszystkie osoby tworz\u0105ce szkoln\u0105 spo\u0142eczno\u015b\u0107,&hellip;<\/p>\n","protected":false},"author":2,"featured_media":0,"parent":0,"menu_order":0,"comment_status":"closed","ping_status":"closed","template":"","meta":{"footnotes":""},"class_list":["post-2313","page","type-page","status-publish","hentry"],"_links":{"self":[{"href":"https:\/\/pzsipo-brzeziny.pl\/index.php\/wp-json\/wp\/v2\/pages\/2313","targetHints":{"allow":["GET"]}}],"collection":[{"href":"https:\/\/pzsipo-brzeziny.pl\/index.php\/wp-json\/wp\/v2\/pages"}],"about":[{"href":"https:\/\/pzsipo-brzeziny.pl\/index.php\/wp-json\/wp\/v2\/types\/page"}],"author":[{"embeddable":true,"href":"https:\/\/pzsipo-brzeziny.pl\/index.php\/wp-json\/wp\/v2\/users\/2"}],"replies":[{"embeddable":true,"href":"https:\/\/pzsipo-brzeziny.pl\/index.php\/wp-json\/wp\/v2\/comments?post=2313"}],"version-history":[{"count":1,"href":"https:\/\/pzsipo-brzeziny.pl\/index.php\/wp-json\/wp\/v2\/pages\/2313\/revisions"}],"predecessor-version":[{"id":2317,"href":"https:\/\/pzsipo-brzeziny.pl\/index.php\/wp-json\/wp\/v2\/pages\/2313\/revisions\/2317"}],"wp:attachment":[{"href":"https:\/\/pzsipo-brzeziny.pl\/index.php\/wp-json\/wp\/v2\/media?parent=2313"}],"curies":[{"name":"wp","href":"https:\/\/api.w.org\/{rel}","templated":true}]}}